{"id":8,"date":"2024-07-10T17:41:09","date_gmt":"2024-07-10T17:41:09","guid":{"rendered":"https:\/\/likable-ledet-gj91c.zipwp.link\/?page_id=8"},"modified":"2024-08-13T15:00:10","modified_gmt":"2024-08-13T15:00:10","slug":"home","status":"publish","type":"page","link":"https:\/\/medium.marketing-pt.com\/","title":{"rendered":"Home"},"content":{"rendered":"\n<div class=\"wp-block-uagb-container uagb-block-edf9ad47 alignfull uagb-is-root-container\"><div class=\"uagb-container-inner-blocks-wrap\">\n<div class=\"wp-block-uagb-info-box uagb-block-360d083e uagb-infobox__content-wrap  uagb-infobox-icon-above-title uagb-infobox-image-valign-top\"><div class=\"uagb-ifb-content\"><div class=\"uagb-ifb-title-wrap\"><h1 class=\"uagb-ifb-title\">Astrologia 24 Horas<\/h1><\/div><p class=\"uagb-ifb-desc\">Leituras de Tarot, Baralho Cigano, Cartomacia<br>Consultas na Hora, M\u00e1ximo Sigilo!<\/p><div class=\"uagb-ifb-button-wrapper wp-block-button\"><a href=\"contact\/\" class=\"uagb-infobox-cta-link wp-block-button__link\" target=\"_self\" rel=\"noopener noreferrer\" onclick=\"return true;\"><span class=\"uagb-inline-editing\">Registo Gratuito<\/span><\/a><\/div><\/div><\/div>\n<\/div><\/div>\n\n\n\n<p><\/p>\n\n\n\n<h2 class=\"wp-block-heading has-text-align-center\">Conhe\u00e7a os nossos Consultores<\/h2>\n\n\n\n<p class=\"has-text-align-center\">Profissionais Altamente Qualificados 100% Confi\u00e1veis e com M\u00e1ximo Sigilo!<\/p>\n\n\n\n<div class=\"wp-block-uagb-container uagb-block-1c6b3fc2 alignfull uagb-is-root-container\"><div class=\"uagb-container-inner-blocks-wrap\">\n<div class=\"wp-block-uagb-container uagb-block-2fe8f380\">\n<div class=\"wp-block-uagb-info-box uagb-block-7d5d77e4 uagb-infobox__content-wrap  uagb-infobox-icon-above-title uagb-infobox-image-valign-top\"><div class=\"uagb-ifb-content\"><div class=\"uagb-ifb-image-content\"><img decoding=\"async\" src=\"http:\/\/medium.marketing-pt.com\/wp-content\/uploads\/2024\/07\/medium-kika-da-padilha-egregora-portugal.webp\" alt=\"medium kika da padilha cartomacia\" width=\"\" height=\"0\" loading=\"lazy\"\/><\/div><div class=\"uagb-ifb-title-wrap\"><h3 class=\"uagb-ifb-title\">Medium Espiritualista <br>Kika Ribeiro<\/h3><\/div><p class=\"uagb-ifb-desc\">Medium Espiritualista desde os 13 anos trabalha no mundo espiritual.<\/p><div class=\"uagb-ifb-button-wrapper wp-block-button\"><a href=\"#\" class=\"uagb-infobox-cta-link wp-block-button__link\" target=\"_self\" rel=\"noopener noreferrer\" onclick=\"return false;\"><span class=\"uagb-inline-editing\">Consultar<\/span><svg xmlns=\"https:\/\/www.w3.org\/2000\/svg\" viewBox=\"0 0 448 512\"><path d=\"M380.9 97.1C339 55.1 283.2 32 223.9 32c-122.4 0-222 99.6-222 222 0 39.1 10.2 77.3 29.6 111L0 480l117.7-30.9c32.4 17.7 68.9 27 106.1 27h.1c122.3 0 224.1-99.6 224.1-222 0-59.3-25.2-115-67.1-157zm-157 341.6c-33.2 0-65.7-8.9-94-25.7l-6.7-4-69.8 18.3L72 359.2l-4.4-7c-18.5-29.4-28.2-63.3-28.2-98.2 0-101.7 82.8-184.5 184.6-184.5 49.3 0 95.6 19.2 130.4 54.1 34.8 34.9 56.2 81.2 56.1 130.5 0 101.8-84.9 184.6-186.6 184.6zm101.2-138.2c-5.5-2.8-32.8-16.2-37.9-18-5.1-1.9-8.8-2.8-12.5 2.8-3.7 5.6-14.3 18-17.6 21.8-3.2 3.7-6.5 4.2-12 1.4-32.6-16.3-54-29.1-75.5-66-5.7-9.8 5.7-9.1 16.3-30.3 1.8-3.7 .9-6.9-.5-9.7-1.4-2.8-12.5-30.1-17.1-41.2-4.5-10.8-9.1-9.3-12.5-9.5-3.2-.2-6.9-.2-10.6-.2-3.7 0-9.7 1.4-14.8 6.9-5.1 5.6-19.4 19-19.4 46.3 0 27.3 19.9 53.7 22.6 57.4 2.8 3.7 39.1 59.7 94.8 83.8 35.2 15.2 49 16.5 66.6 13.9 10.7-1.6 32.8-13.4 37.4-26.4 4.6-13 4.6-24.1 3.2-26.4-1.3-2.5-5-3.9-10.5-6.6z\"><\/path><\/svg><\/a><\/div><\/div><\/div>\n\n\n<p>[wpc2c label=&#8217;Click To Call&#8217; number=&#8217;+01234567892&#8242;]<\/p>\n<\/div>\n\n\n\n<div class=\"wp-block-uagb-container uagb-block-93b1fbc7\">\n<div class=\"wp-block-uagb-info-box uagb-block-c10a2bdc uagb-infobox__content-wrap  uagb-infobox-icon-above-title uagb-infobox-image-valign-top\"><div class=\"uagb-ifb-content\"><div class=\"uagb-ifb-image-content\"><img decoding=\"async\" src=\"http:\/\/medium.marketing-pt.com\/wp-content\/uploads\/2024\/07\/mestre-joao-vitor-tarot-videncia-egregora-portugal.webp\" alt=\"mestre joao vitor tarot videncia bruxo\" width=\"\" height=\"0\" loading=\"lazy\"\/><\/div><div class=\"uagb-ifb-title-wrap\"><h3 class=\"uagb-ifb-title\">Mestre Jo\u00e3o Vitor<\/h3><\/div><p class=\"uagb-ifb-desc\">Especialista em Rituais, Magias e Trabalhos no espiritual seja para Amor, Sa\u00fade ou Profissional.<br><\/p><div class=\"uagb-ifb-button-wrapper wp-block-button\"><a href=\"#\" class=\"uagb-infobox-cta-link wp-block-button__link\" target=\"_self\" rel=\"noopener noreferrer\" onclick=\"return false;\"><span class=\"uagb-inline-editing\">Consultar<\/span><svg xmlns=\"https:\/\/www.w3.org\/2000\/svg\" viewBox=\"0 0 448 512\"><path d=\"M380.9 97.1C339 55.1 283.2 32 223.9 32c-122.4 0-222 99.6-222 222 0 39.1 10.2 77.3 29.6 111L0 480l117.7-30.9c32.4 17.7 68.9 27 106.1 27h.1c122.3 0 224.1-99.6 224.1-222 0-59.3-25.2-115-67.1-157zm-157 341.6c-33.2 0-65.7-8.9-94-25.7l-6.7-4-69.8 18.3L72 359.2l-4.4-7c-18.5-29.4-28.2-63.3-28.2-98.2 0-101.7 82.8-184.5 184.6-184.5 49.3 0 95.6 19.2 130.4 54.1 34.8 34.9 56.2 81.2 56.1 130.5 0 101.8-84.9 184.6-186.6 184.6zm101.2-138.2c-5.5-2.8-32.8-16.2-37.9-18-5.1-1.9-8.8-2.8-12.5 2.8-3.7 5.6-14.3 18-17.6 21.8-3.2 3.7-6.5 4.2-12 1.4-32.6-16.3-54-29.1-75.5-66-5.7-9.8 5.7-9.1 16.3-30.3 1.8-3.7 .9-6.9-.5-9.7-1.4-2.8-12.5-30.1-17.1-41.2-4.5-10.8-9.1-9.3-12.5-9.5-3.2-.2-6.9-.2-10.6-.2-3.7 0-9.7 1.4-14.8 6.9-5.1 5.6-19.4 19-19.4 46.3 0 27.3 19.9 53.7 22.6 57.4 2.8 3.7 39.1 59.7 94.8 83.8 35.2 15.2 49 16.5 66.6 13.9 10.7-1.6 32.8-13.4 37.4-26.4 4.6-13 4.6-24.1 3.2-26.4-1.3-2.5-5-3.9-10.5-6.6z\"><\/path><\/svg><\/a><\/div><\/div><\/div>\n<\/div>\n\n\n\n<div class=\"wp-block-uagb-container uagb-block-6ca4122f\">\n<div class=\"wp-block-uagb-info-box uagb-block-fec11599 uagb-infobox__content-wrap  uagb-infobox-icon-above-title uagb-infobox-image-valign-top\"><div class=\"uagb-ifb-content\"><div class=\"uagb-ifb-image-content\"><img decoding=\"async\" src=\"http:\/\/medium.marketing-pt.com\/wp-content\/uploads\/2024\/07\/Tarologa-Jessica-de-Padilha-egregora-portugal.webp\" alt=\"Taro\u0301loga Jessica de Padilha egregora\" width=\"\" height=\"0\" loading=\"lazy\"\/><\/div><div class=\"uagb-ifb-title-wrap\"><h3 class=\"uagb-ifb-title\">Jessica Ferreira Tar\u00f3loga<br><\/h3><\/div><p class=\"uagb-ifb-desc\">Tar\u00f3loga, Cartomante e Oraculista.<br><\/p><div class=\"uagb-ifb-button-wrapper wp-block-button\"><a href=\"#\" class=\"uagb-infobox-cta-link wp-block-button__link\" target=\"_self\" rel=\"noopener noreferrer\" onclick=\"return false;\"><span class=\"uagb-inline-editing\">Consultar<\/span><svg xmlns=\"https:\/\/www.w3.org\/2000\/svg\" viewBox=\"0 0 448 512\"><path d=\"M380.9 97.1C339 55.1 283.2 32 223.9 32c-122.4 0-222 99.6-222 222 0 39.1 10.2 77.3 29.6 111L0 480l117.7-30.9c32.4 17.7 68.9 27 106.1 27h.1c122.3 0 224.1-99.6 224.1-222 0-59.3-25.2-115-67.1-157zm-157 341.6c-33.2 0-65.7-8.9-94-25.7l-6.7-4-69.8 18.3L72 359.2l-4.4-7c-18.5-29.4-28.2-63.3-28.2-98.2 0-101.7 82.8-184.5 184.6-184.5 49.3 0 95.6 19.2 130.4 54.1 34.8 34.9 56.2 81.2 56.1 130.5 0 101.8-84.9 184.6-186.6 184.6zm101.2-138.2c-5.5-2.8-32.8-16.2-37.9-18-5.1-1.9-8.8-2.8-12.5 2.8-3.7 5.6-14.3 18-17.6 21.8-3.2 3.7-6.5 4.2-12 1.4-32.6-16.3-54-29.1-75.5-66-5.7-9.8 5.7-9.1 16.3-30.3 1.8-3.7 .9-6.9-.5-9.7-1.4-2.8-12.5-30.1-17.1-41.2-4.5-10.8-9.1-9.3-12.5-9.5-3.2-.2-6.9-.2-10.6-.2-3.7 0-9.7 1.4-14.8 6.9-5.1 5.6-19.4 19-19.4 46.3 0 27.3 19.9 53.7 22.6 57.4 2.8 3.7 39.1 59.7 94.8 83.8 35.2 15.2 49 16.5 66.6 13.9 10.7-1.6 32.8-13.4 37.4-26.4 4.6-13 4.6-24.1 3.2-26.4-1.3-2.5-5-3.9-10.5-6.6z\"><\/path><\/svg><\/a><\/div><\/div><\/div>\n<\/div>\n<\/div><\/div>\n\n\n\n<div class=\"wp-block-uagb-container uagb-block-ec01bfa7 alignfull uagb-is-root-container\"><div class=\"uagb-container-inner-blocks-wrap\">\n<div class=\"wp-block-uagb-info-box uagb-block-13d69fb3 uagb-infobox__content-wrap  uagb-infobox-icon-above-title uagb-infobox-image-valign-top\"><div class=\"uagb-ifb-content\"><div class=\"uagb-ifb-title-wrap\"><h2 class=\"uagb-ifb-title\">Melhor Site de Portugal<\/h2><\/div><p class=\"uagb-ifb-desc\">Leituras de Tarot | Vid\u00eancia | Vidas Passadas | Astrologia | Entes Queridos<\/p><\/div><\/div>\n\n\n\n<div class=\"wp-block-uagb-container uagb-block-5bf3f238\">\n<div class=\"wp-block-uagb-container uagb-block-8b947d96\">\n<div class=\"wp-block-uagb-image uagb-block-f831083c wp-block-uagb-image--layout-default wp-block-uagb-image--effect-static wp-block-uagb-image--align-none\"><figure class=\"wp-block-uagb-image__figure\"><img decoding=\"async\" srcset=\"https:\/\/medium.marketing-pt.com\/wp-content\/uploads\/2024\/07\/Egregora-Cartomacia.webp ,https:\/\/medium.marketing-pt.com\/wp-content\/uploads\/2024\/07\/Egregora-Cartomacia.webp 780w, https:\/\/medium.marketing-pt.com\/wp-content\/uploads\/2024\/07\/Egregora-Cartomacia.webp 360w\" sizes=\"auto, (max-width: 480px) 150px\" src=\"https:\/\/medium.marketing-pt.com\/wp-content\/uploads\/2024\/07\/Egregora-Cartomacia.webp\" alt=\"Leitura de Tarot Cartomante Egregora\" class=\"uag-image-1572\" width=\"550\" height=\"500\" title=\"Egregora Cartomacia\" loading=\"lazy\" role=\"img\"\/><\/figure><\/div>\n<\/div>\n\n\n\n<div class=\"wp-block-uagb-container uagb-block-c465247c\">\n<div class=\"wp-block-uagb-info-box uagb-block-73b22374 uagb-infobox__content-wrap  uagb-infobox-icon-above-title uagb-infobox-image-valign-top\"><div class=\"uagb-ifb-content\"><div class=\"uagb-ifb-title-wrap\"><h3 class=\"uagb-ifb-title\">\ud83d\udd2e <strong>Consultas e Ritual\u00edsticas para Todos os Fins<\/strong><\/h3><\/div><p class=\"uagb-ifb-desc\">Com um carregamento m\u00ednimo de 10\u20ac, voc\u00ea pode acessar uma variedade de servi\u00e7os esot\u00e9ricos, incluindo consultas astrol\u00f3gicas e leituras de tar\u00f4, dispon\u00edveis 24 horas por dia. Nossos consultores est\u00e3o prontos para orient\u00e1-lo em quest\u00f5es de amor, carreira, sa\u00fade e mais.<\/p><div class=\"uagb-ifb-button-wrapper wp-block-button\"><a href=\"offerings\/\" class=\"uagb-infobox-cta-link wp-block-button__link\" target=\"_self\" rel=\"noopener noreferrer\" onclick=\"return true;\"><span class=\"uagb-inline-editing\">Saber Mais<\/span><\/a><\/div><\/div><\/div>\n<\/div>\n<\/div>\n\n\n\n<div class=\"wp-block-uagb-container uagb-block-4dac132f\">\n<div class=\"wp-block-uagb-container uagb-block-44450004\">\n<div class=\"wp-block-uagb-image uagb-block-1fbbd46b wp-block-uagb-image--layout-default wp-block-uagb-image--effect-static wp-block-uagb-image--align-none\"><figure class=\"wp-block-uagb-image__figure\"><img decoding=\"async\" srcset=\"https:\/\/medium.marketing-pt.com\/wp-content\/uploads\/2024\/07\/Egregora-Astrologia.webp ,https:\/\/medium.marketing-pt.com\/wp-content\/uploads\/2024\/07\/Egregora-Astrologia.webp 780w, https:\/\/medium.marketing-pt.com\/wp-content\/uploads\/2024\/07\/Egregora-Astrologia.webp 360w\" sizes=\"auto, (max-width: 480px) 150px\" src=\"https:\/\/medium.marketing-pt.com\/wp-content\/uploads\/2024\/07\/Egregora-Astrologia.webp\" alt=\"Profissionais de Astrologia 24 Horas Egregora\" class=\"uag-image-1571\" width=\"550\" height=\"500\" title=\"Egregora Astrologia\" loading=\"lazy\" role=\"img\"\/><\/figure><\/div>\n<\/div>\n\n\n\n<div class=\"wp-block-uagb-container uagb-block-8b26c666\">\n<div class=\"wp-block-uagb-info-box uagb-block-af69361d uagb-infobox__content-wrap  uagb-infobox-icon-above-title uagb-infobox-image-valign-top\"><div class=\"uagb-ifb-content\"><div class=\"uagb-ifb-title-wrap\"><h3 class=\"uagb-ifb-title\">\ud83d\udcc5 <strong>Agendamentos F\u00e1ceis e R\u00e1pidos<\/strong><\/h3><\/div><p class=\"uagb-ifb-desc\">Marque sua consulta atrav\u00e9s do nosso n\u00famero de telefone: <strong>92 682 7890<\/strong>. Estamos sempre \u00e0 disposi\u00e7\u00e3o para ajud\u00e1-lo a encontrar a orienta\u00e7\u00e3o espiritual que voc\u00ea procura.<\/p><div class=\"uagb-ifb-button-wrapper wp-block-button\"><a href=\"offerings\/\" class=\"uagb-infobox-cta-link wp-block-button__link\" target=\"_self\" rel=\"noopener noreferrer\" onclick=\"return true;\"><span class=\"uagb-inline-editing\">Saber Mais<\/span><\/a><\/div><\/div><\/div>\n<\/div>\n<\/div>\n<\/div><\/div>\n\n\n\n<div class=\"wp-block-uagb-container uagb-block-b9774670 alignfull uagb-is-root-container\"><div class=\"uagb-container-inner-blocks-wrap\">\n<div data-aos= \"zoom-out\" data-aos-duration=\"400\" data-aos-delay=\"0\" data-aos-easing=\"ease\" data-aos-once=\"true\" class=\"wp-block-uagb-testimonial uagb-slick-carousel uagb-tm__arrow-outside uagb-block-9c5eb390 uagb-post__carousel_notset uagb-post__carousel_notset-tablet uagb-post__carousel_notset-mobile\"><div class=\"is-carousel uagb-tm__columns-1 uagb-tm__items\"><div class=\"uagb-testimonial__wrap  uagb-tm__imgicon-style-circle uagb-tm__image-position-top uagb-tm__bg-type-none \"><div class=\"uagb-tm__content\"><div class=\"uagb-tm__overlay\"><\/div><div class=\"uagb-tm__image-content\"><div class=\"uagb-tm__image\"><img decoding=\"async\" class=\"uagb-tm-img-src\" src=\"http:\/\/medium.marketing-pt.com\/wp-content\/uploads\/2024\/07\/Sandra-Reguengo-review-egregora.webp\" alt=\"Cliente Egregora\" width=\"64\" height=\"64\" loading=\"lazy\"\/><\/div><\/div><div class=\"uagb-tm__text-wrap\"><div class=\"uagb-tm__desc\">Gratid\u00e3o por tudo \ud83d\ude4f\ud83c\udffc Recomenda\u00e7\u00e3o a quem precisar de ajuda na vida. Respeito Sigilo.<\/div><div class=\"uagb-tm__meta-inner\"><div class=\"uagb-testimonial-details\"><span class=\"uagb-tm__author-name\">Sandra Reguengo<\/span><span class=\"uagb-tm__company\"><a href=\"https:\/\/www.facebook.com\/sandra.reguengo\/posts\/pfbid0b8cdPENqHi63jr4REBUtt8ECPN5nbjiJvYzUtCnZDfN4cyXovGw32UPgjH7HBbv6l\" data-type=\"link\" data-id=\"https:\/\/www.facebook.com\/sandra.reguengo\/posts\/pfbid0b8cdPENqHi63jr4REBUtt8ECPN5nbjiJvYzUtCnZDfN4cyXovGw32UPgjH7HBbv6l\">Facebook Review<\/a><\/span><\/div><\/div><\/div><\/div><\/div><\/div><\/div>\n<\/div><\/div>\n\n\n\n<div class=\"wp-block-uagb-container uagb-block-c84325e4 alignfull uagb-is-root-container\"><div class=\"uagb-container-inner-blocks-wrap\">\n<div class=\"wp-block-uagb-info-box uagb-block-d8a09d88 uagb-infobox__content-wrap  uagb-infobox-icon-above-title uagb-infobox-image-valign-top\"><div class=\"uagb-ifb-content\"><div class=\"uagb-ifb-title-wrap\"><h2 class=\"uagb-ifb-title\">Receba as \u00faltimas novidades<\/h2><\/div><p class=\"uagb-ifb-desc\">Receba as \u00faltimas novidades, descontos exclusivos, entre outros diretamente na sua caixa de entrada. <br>Junte-se a n\u00f3s!<\/p><\/div><\/div>\n\n\n\n<div class=\"wp-block-uagb-forms uagb-forms__outer-wrap uagb-block-2ddb1688 uagb-forms__medium-btn\"><form class=\"uagb-forms-main-form\" method=\"post\" autocomplete=\"on\" name=\"uagb-form-2ddb1688\">\n<div class=\"wp-block-uagb-forms-name uagb-forms-name-wrap uagb-forms-field-set uagb-block-6508b52a\"><div class=\"uagb-forms-name-label required uagb-forms-input-label\" id=\"6508b52a\">Nome<\/div><input type=\"text\" placeholder=\"Nome\" required class=\"uagb-forms-name-input uagb-forms-input\" name=\"6508b52a\" autocomplete=\"name\"\/><\/div>\n\n\n\n<div class=\"wp-block-uagb-forms-email uagb-forms-email-wrap uagb-forms-field-set uagb-block-c82020ca\"><div class=\"uagb-forms-email-label  uagb-forms-input-label\" id=\"c82020ca\">Email<\/div><input type=\"email\" class=\"uagb-forms-email-input uagb-forms-input\" placeholder=\"example@mail.com\" name=\"c82020ca\" autocomplete=\"email\"\/><\/div>\n<div class=\"uagb-forms-form-hidden-data\"><input type=\"hidden\" class=\"uagb_forms_form_label\" value=\"Spectra Form\"\/><input type=\"hidden\" class=\"uagb_forms_form_id\" value=\"uagb-form-2ddb1688\"\/><\/div><div class=\"uagb-form-reacaptcha-error-2ddb1688\"><\/div><div class=\"uagb-forms-main-submit-button-wrap wp-block-button\"><button class=\"uagb-forms-main-submit-button wp-block-button__link\"><div class=\"uagb-forms-main-submit-button-text\">Enviar<\/div><\/button><\/div><\/form><div class=\"uagb-forms-success-message-2ddb1688 uagb-forms-submit-message-hide\"><span>The form has been submitted successfully!<\/span><\/div><div class=\"uagb-forms-failed-message-2ddb1688 uagb-forms-submit-message-hide\"><span>There has been some error while submitting the form. Please verify all form fields again.<\/span><\/div><\/div>\n<\/div><\/div>\n","protected":false},"excerpt":{"rendered":"<p>Conhe\u00e7a os nossos Consultores Profissionais Altamente Qualificados 100% Confi\u00e1veis e com M\u00e1ximo Sigilo!<\/p>\n","protected":false},"author":9,"featured_media":0,"parent":0,"menu_order":0,"comment_status":"closed","ping_status":"closed","template":"","meta":{"_uag_custom_page_level_css":"","site-sidebar-layout":"default","site-content-layout":"","ast-site-content-layout":"full-width-container","site-content-style":"default","site-sidebar-style":"default","ast-global-header-display":"","ast-banner-title-visibility":"","ast-main-header-display":"","ast-hfb-above-header-display":"","ast-hfb-below-header-display":"","ast-hfb-mobile-header-display":"","site-post-title":"disabled","ast-breadcrumbs-content":"","ast-featured-img":"","footer-sml-layout":"","ast-disable-related-posts":"","theme-transparent-header-meta":"enabled","adv-header-id-meta":"","stick-header-meta":"","header-above-stick-meta":"","header-main-stick-meta":"","header-below-stick-meta":"","astra-migrate-meta-layouts":"set","ast-page-background-enabled":"default","ast-page-background-meta":{"desktop":{"background-color":"var(--ast-global-color-4)","background-image":"","background-repeat":"repeat","background-position":"center center","background-size":"auto","background-attachment":"scroll","background-type":"","background-media":"","overlay-type":"","overlay-color":"","overlay-opacity":"","overlay-gradient":""},"tablet":{"background-color":"","background-image":"","background-repeat":"repeat","background-position":"center center","background-size":"auto","background-attachment":"scroll","background-type":"","background-media":"","overlay-type":"","overlay-color":"","overlay-opacity":"","overlay-gradient":""},"mobile":{"background-color":"","background-image":"","background-repeat":"repeat","background-position":"center center","background-size":"auto","background-attachment":"scroll","background-type":"","background-media":"","overlay-type":"","overlay-color":"","overlay-opacity":"","overlay-gradient":""}},"ast-content-background-meta":{"desktop":{"background-color":"var(--ast-global-color-5)","background-image":"","background-repeat":"repeat","background-position":"center center","background-size":"auto","background-attachment":"scroll","background-type":"","background-media":"","overlay-type":"","overlay-color":"","overlay-opacity":"","overlay-gradient":""},"tablet":{"background-color":"var(--ast-global-color-5)","background-image":"","background-repeat":"repeat","background-position":"center center","background-size":"auto","background-attachment":"scroll","background-type":"","background-media":"","overlay-type":"","overlay-color":"","overlay-opacity":"","overlay-gradient":""},"mobile":{"background-color":"var(--ast-global-color-5)","background-image":"","background-repeat":"repeat","background-position":"center center","background-size":"auto","background-attachment":"scroll","background-type":"","background-media":"","overlay-type":"","overlay-color":"","overlay-opacity":"","overlay-gradient":""}},"footnotes":""},"class_list":["post-8","page","type-page","status-publish","hentry"],"uagb_featured_image_src":{"full":false,"thumbnail":false,"medium":false,"medium_large":false,"large":false,"1536x1536":false,"2048x2048":false,"woocommerce_thumbnail":false,"woocommerce_single":false,"woocommerce_gallery_thumbnail":false},"uagb_author_info":{"display_name":"e0z0ctxb7dbf","author_link":"https:\/\/medium.marketing-pt.com\/?author=9"},"uagb_comment_info":0,"uagb_excerpt":"Conhe\u00e7a os nossos Consultores Profissionais Altamente Qualificados 100% Confi\u00e1veis e com M\u00e1ximo Sigilo!","_links":{"self":[{"href":"https:\/\/medium.marketing-pt.com\/index.php?rest_route=\/wp\/v2\/pages\/8","targetHints":{"allow":["GET"]}}],"collection":[{"href":"https:\/\/medium.marketing-pt.com\/index.php?rest_route=\/wp\/v2\/pages"}],"about":[{"href":"https:\/\/medium.marketing-pt.com\/index.php?rest_route=\/wp\/v2\/types\/page"}],"author":[{"embeddable":true,"href":"https:\/\/medium.marketing-pt.com\/index.php?rest_route=\/wp\/v2\/users\/9"}],"replies":[{"embeddable":true,"href":"https:\/\/medium.marketing-pt.com\/index.php?rest_route=%2Fwp%2Fv2%2Fcomments&post=8"}],"version-history":[{"count":16,"href":"https:\/\/medium.marketing-pt.com\/index.php?rest_route=\/wp\/v2\/pages\/8\/revisions"}],"predecessor-version":[{"id":1601,"href":"https:\/\/medium.marketing-pt.com\/index.php?rest_route=\/wp\/v2\/pages\/8\/revisions\/1601"}],"wp:attachment":[{"href":"https:\/\/medium.marketing-pt.com\/index.php?rest_route=%2Fwp%2Fv2%2Fmedia&parent=8"}],"curies":[{"name":"wp","href":"https:\/\/api.w.org\/{rel}","templated":true}]}}